{"id":163,"date":"2019-10-07T12:05:21","date_gmt":"2019-10-07T12:05:21","guid":{"rendered":"http:\/\/www.wmtsturkey.com\/en\/?page_id=163"},"modified":"2021-02-28T15:36:15","modified_gmt":"2021-02-28T15:36:15","slug":"club-mega-saray","status":"publish","type":"page","link":"https:\/\/www.wmtsturkey.com\/en\/club-mega-saray\/","title":{"rendered":"Club Mega Saray"},"content":{"rendered":"<div class=\"wpb-content-wrapper\"><p>[vc_section][vc_row type=&#8221;vc_default&#8221; full_width=&#8221;stretch_row_content&#8221; content_placement=&#8221;top&#8221; css=&#8221;.vc_custom_1613226441782{background-image: url(http:\/\/www.wmtsturkey.com\/en\/wp-content\/uploads\/2019\/10\/megasaray.jpg?id=172) !important;background-position: center !important;background-repeat: no-repeat !important;background-size: cover !important;}&#8221;][vc_column][vc_empty_space height=&#8221;682px&#8221;][vc_custom_heading text=&#8221;CLUB MEGA SARAY&#8221; font_container=&#8221;tag:h1|text_align:center|color:%23ffffff&#8221; google_fonts=&#8221;font_family:Roboto%20Slab%3A100%2C300%2Cregular%2C700|font_style:700%20bold%20regular%3A700%3Anormal&#8221;][\/vc_column][\/vc_row][\/vc_section][vc_section css=&#8221;.vc_custom_1570450846128{margin-top: 30px !important;}&#8221;][vc_row full_height=&#8221;yes&#8221; content_placement=&#8221;top&#8221;][vc_column width=&#8221;1\/2&#8243;][vc_column_text]<\/p>\n<h2>CLUB MEGA SARAY<\/h2>\n<p>Club Mega Saray is the first tourism investment contribution of the company &#8220;\u015eahinler Holding&#8221; and started to serve in 1992. Antalya is the most famous city of Turkish tourism and our resort located in Belek, with an area of 121 000 m2 with 591 rooms and 1184 beds annually hosts thousands of local and foreign tourists. Peanut pines which is characteristic of the region, well-preserved gardening with hundreds of different trees and ecologically clean nature, offers guests a feeling of comfort and serenity.<\/p>\n<p>The hotel has a sandy beach with a length of 400 meters and thousands of square meters of garden, entertainment activities throughout the day, a children&#8217;s club with a territory of 2500 m2, 8 swimming pools in the entire hotel and the warm smile of employees promise you a pleasant stay.<\/p>\n<p>22 tennis courts with soil and carpet coverings, as well as countless sports events will allow you to relax and spend an active holiday.<\/p>\n<p>Club Mega Saray is located at a distance of 35 km from the center of Antalya and 30 km from the airport.<\/p>\n<h5>STANDARD CLUB ROOM<\/h5>\n<p>These rooms are located in the club section of the hotel and are lovely 2-3 storey buildings made of wood and surrounded by wonderful nature.<br \/>\n\u202229 m2<br \/>\n\u2022One bedroom, Bathroom, WC<br \/>\n\u2022Up to 3 People<br \/>\n\u2022Garden View<\/p>\n<h5>STANDARD MAIN BUILDING ROOM<\/h5>\n<p>Our facility&#8217;s main building has a great harmony with the architecture. The 4-storey building above the reception is designed to present you the comfort of a club room and resort luxuries.<\/p>\n<p>These rooms are larger than the Club Rooms and offer the chance to relax on the balcony and watch the garden and other areas of the hotel.<br \/>\n\u202232 m2<br \/>\n\u2022One bedroom, Bathroom, WC (bathtub)<br \/>\n\u2022Up to 3 People<br \/>\n\u2022Garden View<\/p>\n<h5>DELUXE STANDARD ROOM<\/h5>\n<p>Enjoy the ultimate holiday village experience in these elegant and modern rooms which are located in three different buildings, offering wonderful luxury and comfort.<br \/>\n\u202234 &#8211; 44 m2<br \/>\n\u20222 Large Single Bed or 1 Queen Bed<br \/>\n\u2022Up to 3 People<br \/>\n\u2022Garden View<\/p>\n<h5>DELUXE STANDARD SWIM UP ROOM<\/h5>\n<p>Deluxe Rooms are perfect for guests who want to enjoy their holiday by the pool.<br \/>\nThe pools are just a terrace away from your room. Spend your holiday relaxing by the pool with the comfort and privacy<br \/>\nof your own room and sunbathing on your own terrace.<br \/>\nThe Standard Rooms of the Deluxe Building are located on the ground floor, have a view of the pool and direct access to the pool.<br \/>\n\u202252 m2<br \/>\n\u20221 Double Bed or 2 Single Bed<br \/>\n\u2022Up to 3 People<br \/>\n\u2022Terrace and Direct Entrance to Pool<\/p>\n<p>All rooms have garden view, 1 bedroom, bathroom\/WC (bathtube) and a balcony. The modernly designed rooms are fit with carpet. The rooms feature 1 LCD TV, mini bar and safe deposit box. The size of the rooms is 32 m2.<\/p>\n<h4>JOURNEY TO HEALTH<\/h4>\n<p>Refresh, revitalize and enjoy being spoilt thanks to the programs and cares to be prepared specifically for you in line with personal needs and requirements by the professional staff of Club Mega Saray Spa.<\/p>\n<p><strong>Free Services;<\/strong><br \/>\n\u2022 TURKISH BATH \u2022 SAUNA \u2022 STEAM BATH \u2022 INDOOR POOL<br \/>\n<strong>Treatments; <\/strong><br \/>\n\u2022 CLASSICAL MASSAGES \u2022 FAR EAST MASSAGE \u2022 SKIN CARE \u2022 BATH RITUALS[\/vc_column_text][\/vc_column][vc_column width=&#8221;1\/2&#8243;][vc_media_grid style=&#8221;load-more&#8221; items_per_page=&#8221;8&#8243; element_width=&#8221;3&#8243; grid_id=&#8221;vc_gid:1614526566796-c71d03a9-7ad4-8&#8243; include=&#8221;751,747,748,778,777,782,773,770,772,775,779,774,771,780,781,776,761,758,767,743,768,760,769,746,759,766,765,745,744,749,764,756,755,757,762,763,752,753,754,750&#8243;][vc_video link=&#8221;https:\/\/www.youtube.com\/watch?v=MuY1oaghH4I&#8221;][vc_column_text]<\/p>\n<h2>TENNIS;<\/h2>\n<h5>IT IS SPORTS TIME NOW<\/h5>\n<p>In Club Mega Saray, there are a total of 22 tennis courts, of which 6 are clay courts, 16 are artificial grass courts.<br \/>\nIn our sports center which has been built recently and is 3 km away from the facility, there are a total of 21 tennis courts, of which 17 are clay courts and 4 are hard courts.<br \/>\nAs the largest tennis center in the region, we are ready for tennis players at all levels with a total of 43 tennis courts.<\/p>\n<h5>THE NEVER-END\u0130NG LAUGHTER<\/h5>\n<p>Entertainment never ends at Club Mega Saray! You will be satisfied of entertainment at any hour of the day with our professional animation staff. Just get ready for a visual ceremony with special nighttime shows as well as the daytime activities&#8230;<br \/>\nFree shuttle service to the tennis center is available.<\/p>\n<p>\u2022 Our all artificial grass courts are free of charge and all clay courts are extra of charge<br \/>\n\u2022 Lighting of courts and tennis lessons are extra of charge.<br \/>\n\u2022 Lighting is possible for 6 clay courts and 2 artificial grass courts in hotel.<br \/>\n\u2022 Lighting is possible for all of clay courts in tennis center outside of hotel.<br \/>\n\u2022 We offer a free of charge shuttle service to the outside tennis courts.<\/p>\n<h5>DA\u0130LY ACT\u0130V\u0130T\u0130ES<\/h5>\n<p>The friendly and experienced team of our hotel offers to its outdoor sports and its pool activities and wishes you an active and enjoyable holiday.<\/p>\n<p>\u2022 Ping Pong \u2022 Step-Aerobic \u2022 Archery \u2022 Beach-Volleyball \u2022 Basketball \u2022 Mini-Football \u2022 Waterball \u2022 Mini Golf \u2022 Boccia \u2022 Badminton \u2022 Shuffleboard \u2022 Tournaments \u2022 Pool Games \u2022 Contests \u2022 Turkish Courses \u2022 Football \u2022 Air Rifle \u2022 Water Gymnastics \u2022 Fitness \u2022 Spinning Bike<\/p>\n<h5>WATER SPORTS:<\/h5>\n<p><strong>FREE SERVICES<\/strong><br \/>\n\u2022 Sea Bike \u2022 Surf (license required) \u2022 Canoe<\/p>\n<p><strong>PAID SERVICES<\/strong><br \/>\n\u2022 Parasailing \u2022 Catamaran \u2022 Jet Ski \u2022 Water Skiing \u2022 Banana \u2022 Ringo \u2022 Sailing-Surfing Lessons<\/p>\n<h5>ACT\u0130V\u0130T\u0130ES EVEN\u0130NG<\/h5>\n<p>In our fortnightly entertainments programme, Musicals, Competitions, Playback, Live Music, Revues, Beach Parties and various other entertainments await you. For guests wishing to continue to enjoy themselves after the evening shows to the accompaniment of turkish and foreign music, our disco is open until 02.00.<\/p>\n<h4>SPA<\/h4>\n<p>We invite you to be our guest for a perfect holiday in the comfort of your home&#8230;[\/vc_column_text][vc_btn title=&#8221;LEARN MORE&#8221; color=&#8221;sky&#8221; link=&#8221;url:https%3A%2F%2Fwmtsturkey.com%2Fen%2Fmegasaray_moreinfo.pdf|title:MORE%20INFO|target:_blank&#8221;][\/vc_column][\/vc_row][vc_row full_width=&#8221;stretch_row_content&#8221;][vc_column width=&#8221;1\/4&#8243;][vc_custom_heading text=&#8221;CLUB STANDARD ROOM&#8221; font_container=&#8221;tag:h6|text_align:center&#8221; google_fonts=&#8221;font_family:Roboto%20Slab%3A100%2C300%2Cregular%2C700|font_style:700%20bold%20regular%3A700%3Anormal&#8221;][vc_media_grid item=&#8221;masonryMedia_Default&#8221; grid_id=&#8221;vc_gid:1614526566798-b0d1c91d-734d-8&#8243; include=&#8221;1041,1042&#8243;][\/vc_column][vc_column width=&#8221;1\/4&#8243;][vc_custom_heading text=&#8221;MAIN BUILDING STANDARD ROOM&#8221; font_container=&#8221;tag:h6|text_align:center&#8221; google_fonts=&#8221;font_family:Roboto%20Slab%3A100%2C300%2Cregular%2C700|font_style:700%20bold%20regular%3A700%3Anormal&#8221;][vc_media_grid item=&#8221;masonryMedia_Default&#8221; grid_id=&#8221;vc_gid:1614526566799-5c5c7ee6-9879-3&#8243; include=&#8221;1043,1044&#8243;][\/vc_column][vc_column width=&#8221;1\/4&#8243;][vc_custom_heading text=&#8221;DELUXE STANDARD ROOM&#8221; font_container=&#8221;tag:h6|text_align:center&#8221; google_fonts=&#8221;font_family:Roboto%20Slab%3A100%2C300%2Cregular%2C700|font_style:700%20bold%20regular%3A700%3Anormal&#8221;][vc_media_grid item=&#8221;masonryMedia_Default&#8221; grid_id=&#8221;vc_gid:1614526566799-2f397680-654e-1&#8243; include=&#8221;1045,1046,1047&#8243;][\/vc_column][vc_column width=&#8221;1\/4&#8243;][vc_custom_heading text=&#8221;DELUXE STANDARD SWIM UP&#8221; font_container=&#8221;tag:h5|text_align:center&#8221; google_fonts=&#8221;font_family:Roboto%20Slab%3A100%2C300%2Cregular%2C700|font_style:700%20bold%20regular%3A700%3Anormal&#8221;][vc_media_grid item=&#8221;masonryMedia_Default&#8221; grid_id=&#8221;vc_gid:1614526566800-351b440c-e8b2-6&#8243; include=&#8221;1049,1048,1052,1051&#8243;][\/vc_column][\/vc_row][\/vc_section]<\/p>\n<\/div>","protected":false},"excerpt":{"rendered":"<p>[vc_section][vc_row type=&#8221;vc_default&#8221; full_width=&#8221;stretch_row_content&#8221; content_placement=&#8221;top&#8221; css=&#8221;.vc_custom_1613226441782{background-image: url(http:\/\/www.wmtsturkey.com\/en\/wp-content\/uploads\/2019\/10\/megasaray.jpg?id=172) !important;background-position: center !important;background-repeat: no-repeat !important;background-size: cover !important;}&#8221;][vc_column][vc_empty_space height=&#8221;682px&#8221;][vc_custom_heading text=&#8221;CLUB MEGA SARAY&#8221; font_container=&#8221;tag:h1|text_align:center|color:%23ffffff&#8221; google_fonts=&#8221;font_family:Roboto%20Slab%3A100%2C300%2Cregular%2C700|font_style:700%20bold%20regular%3A700%3Anormal&#8221;][\/vc_column][\/vc_row][\/vc_section][vc_section css=&#8221;.vc_custom_1570450846128{margin-top: 30px !important;}&#8221;][vc_row full_height=&#8221;yes&#8221; content_placement=&#8221;top&#8221;][vc_column width=&#8221;1\/2&#8243;][vc_column_text] CLUB MEGA SARAY Club Mega Saray is the first tourism investment contribution of the company &#8220;\u015eahinler Holding&#8221; and started to serve in 1992. Antalya is the most famous city of&hellip;<\/p>\n","protected":false},"author":1,"featured_media":0,"parent":0,"menu_order":0,"comment_status":"closed","ping_status":"closed","template":"","meta":{"footnotes":""},"class_list":["post-163","page","type-page","status-publish","hentry","description-off"],"_links":{"self":[{"href":"https:\/\/www.wmtsturkey.com\/en\/wp-json\/wp\/v2\/pages\/163","targetHints":{"allow":["GET"]}}],"collection":[{"href":"https:\/\/www.wmtsturkey.com\/en\/wp-json\/wp\/v2\/pages"}],"about":[{"href":"https:\/\/www.wmtsturkey.com\/en\/wp-json\/wp\/v2\/types\/page"}],"author":[{"embeddable":true,"href":"https:\/\/www.wmtsturkey.com\/en\/wp-json\/wp\/v2\/users\/1"}],"replies":[{"embeddable":true,"href":"https:\/\/www.wmtsturkey.com\/en\/wp-json\/wp\/v2\/comments?post=163"}],"version-history":[{"count":50,"href":"https:\/\/www.wmtsturkey.com\/en\/wp-json\/wp\/v2\/pages\/163\/revisions"}],"predecessor-version":[{"id":1166,"href":"https:\/\/www.wmtsturkey.com\/en\/wp-json\/wp\/v2\/pages\/163\/revisions\/1166"}],"wp:attachment":[{"href":"https:\/\/www.wmtsturkey.com\/en\/wp-json\/wp\/v2\/media?parent=163"}],"curies":[{"name":"wp","href":"https:\/\/api.w.org\/{rel}","templated":true}]}}